{"id":8,"date":"2021-11-12T22:25:34","date_gmt":"2021-11-12T21:25:34","guid":{"rendered":"http:\/\/www.sitrass.org\/?page_id=8"},"modified":"2021-11-28T18:11:21","modified_gmt":"2021-11-28T17:11:21","slug":"la-collection-sitrass","status":"publish","type":"page","link":"https:\/\/www.sitrass.org\/index.php\/la-collection-sitrass\/","title":{"rendered":"La collection SITRASS"},"content":{"rendered":"\n<ul class=\"wp-block-list\"><li>Nicole Muhlrad, Amako\u00e9 Adol\u00e9houm\u00e9 (ed.), Syst\u00e8mes de gestion de la s\u00e9curit\u00e9 routi\u00e8re. Une m\u00e9thode de diagnostic adaptable aux pays \u00e0 faibles ou moyens revenus d\u00e9cembre 2006, 217 p. &#8211; ISBN 2-908558-24-6 Prix : 35,00 euros HT (TVA 5,5 %) + frais de port. <\/li><li>Mobilit\u00e9 et syst\u00e8mes de transport en Afrique sub-saharienne : les d\u00e9fis de la pauvret\u00e9 &#8211; Actes du s\u00e9minaire SITRASS 7, 22-24 mars 2004, Saly Potudal (S\u00e9n\u00e9gal). Lyon : SITRASS. 2005. 531 p. (coll. SITRASS). Prix : 45,73 euros HT (TVA 5,5 %) + frais de port.<\/li><li>Sph\u00e8re publique &#8211; sph\u00e8re priv\u00e9e : quelle organisation, quels financements et quelles performances des transports en Afrique sub-saharienne? &#8211; Actes du SITRASS 6, 5-7 novembre 2001, Bamako (Mali) Prix : 45,73 euros HT (TVA 5,5 %) + frais de port. <a rel=\"noreferrer noopener\" href=\"http:\/\/halshs.archives-ouvertes.fr\/halshs-00274226\/fr\/\" data-type=\"URL\" data-id=\"http:\/\/halshs.archives-ouvertes.fr\/halshs-00274226\/fr\/\" target=\"_blank\">T\u00e9l\u00e9charger les Actes<\/a><\/li><li>Les projets sectoriels des transports en Afrique sub-saharienne : Bilan et r\u00e9flexions. Actes du SITRASS 5, Cotonou Novembre 1999, 420 p. Prix : 45,73 euros HT (TVA 5,5 %) + frais de port. <a rel=\"noreferrer noopener\" href=\"http:\/\/halshs.archives-ouvertes.fr\/halshs-00273786\/fr\/\" data-type=\"URL\" data-id=\"http:\/\/halshs.archives-ouvertes.fr\/halshs-00273786\/fr\/\" target=\"_blank\">T\u00e9l\u00e9charger les Actes<\/a><\/li><li>Efficacit\u00e9, concurrence, comp\u00e9titivit\u00e9 : la cha\u00eene de transport en Afrique sub-saharienne. Actes du SITRASS 4 Juin 1997, 419 p. Prix : 45,73 euros (TVA 5,5 % incluse) + frais de port. <a rel=\"noreferrer noopener\" href=\"http:\/\/halshs.archives-ouvertes.fr\/halshs-00273786\/fr\/\" data-type=\"URL\" data-id=\"http:\/\/halshs.archives-ouvertes.fr\/halshs-00273786\/fr\/\" target=\"_blank\">T\u00e9l\u00e9charger les Actes<\/a><\/li><li>Les transports urbains non motoris\u00e9s en Afrique subsaharienne. Le cas du Mali (Pochet P, Klein O, Toilier F et al., LET &#8211; INRETS &#8211; ARETRANS) D\u00e9cembre 1995, 170 p. Prix : 22,87 euros (TVA 5,5 % incluse) + frais de port. <a rel=\"noreferrer noopener\" href=\"http:\/\/halshs.archives-ouvertes.fr\/halshs-00271591\/fr\/\" data-type=\"URL\" data-id=\"http:\/\/halshs.archives-ouvertes.fr\/halshs-00271591\/fr\/\" target=\"_blank\">T\u00e9l\u00e9charger les Actes<\/a><\/li><li>Les transports urbains non motoris\u00e9s en Afrique subsaharienne. Le cas du Burkina Faso (Cusset J-M et al., LET &#8211; INRETS &#8211; CEDRES) Juin 1995, 138 p. Prix : 19,06 euros (TVA 5,5 % incluse) + frais de port. <a rel=\"noreferrer noopener\" href=\"http:\/\/halshs.archives-ouvertes.fr\/halshs-00271541\/fr\/\" data-type=\"URL\" data-id=\"http:\/\/halshs.archives-ouvertes.fr\/halshs-00271541\/fr\/\" target=\"_blank\">T\u00e9l\u00e9charger les Actes<\/a><\/li><li>Syst\u00e8mes d&rsquo;information et de formation dans le secteur des transports en Afrique sub-saharienne. Actes du SITRASS 3, Dakar, 16 &#8211; 18 mars 1994 311 p. <a href=\"http:\/\/halshs.archives-ouvertes.fr\/halshs-00199230\/fr\/\" data-type=\"URL\" data-id=\"http:\/\/halshs.archives-ouvertes.fr\/halshs-00199230\/fr\/\">T\u00e9l\u00e9charger les Actes<\/a><\/li><li>Transports en Afrique sub-saharienne. Actes de la session jointe SITRASS \u00e0 la 6\u00e8me CMRT 1993, 145 p. Prix : 23 euros <a rel=\"noreferrer noopener\" href=\"http:\/\/halshs.archives-ouvertes.fr\/halshs-00204485\" data-type=\"URL\" data-id=\"http:\/\/halshs.archives-ouvertes.fr\/halshs-00204485\" target=\"_blank\">T\u00e9l\u00e9charger les Actes<\/a><\/li><li>L&rsquo;organisation des transports urbains &#8211; Les acteurs, les m\u00e9thodes. Actes du SITRASS 2, Ouagadougou, 14 &#8211; 17 janvier 1992 236 p. Prix : 45,73 euros (TVA 5,5 % incluse) + frais de port. <a rel=\"noreferrer noopener\" href=\"http:\/\/halshs.archives-ouvertes.fr\/halshs-00277215\" data-type=\"URL\" data-id=\"http:\/\/halshs.archives-ouvertes.fr\/halshs-00277215\" target=\"_blank\">T\u00e9l\u00e9charger les Actes<\/a><\/li><li>Economie et politiques du camionnage en Afrique subsaharienne. Actes du SITRASS 1, Yamoussoukro, 20 &#8211; 22 novembre 1989 290 p. <a rel=\"noreferrer noopener\" href=\"http:\/\/halshs.archives-ouvertes.fr\/halshs-00197548\/fr\/\" data-type=\"URL\" data-id=\"http:\/\/halshs.archives-ouvertes.fr\/halshs-00197548\/fr\/\" target=\"_blank\">T\u00e9l\u00e9charger les Actes<\/a><\/li><li>Politiques de r\u00e9duction des co\u00fbts du camionnage en Afrique sub-saharienne. Rapport de synth\u00e8se Juin 1989, 58 p. <a rel=\"noreferrer noopener\" href=\"http:\/\/halshs.archives-ouvertes.fr\/halshs-00194135\/fr\/\" data-type=\"URL\" data-id=\"http:\/\/halshs.archives-ouvertes.fr\/halshs-00194135\/fr\/\" target=\"_blank\">T\u00e9l\u00e9charger les Actes<\/a><\/li><li>Politiques de r\u00e9duction des co\u00fbts du camionnage en Afrique sub-saharienne. Cas du Cameroun. 1989, 65 p. <a rel=\"noreferrer noopener\" href=\"http:\/\/halshs.archives-ouvertes.fr\/halshs-00194057\/fr\/\" data-type=\"URL\" data-id=\"http:\/\/halshs.archives-ouvertes.fr\/halshs-00194057\/fr\/\" target=\"_blank\">T\u00e9l\u00e9charger les Actes<\/a><\/li><li>Politiques de r\u00e9duction des co\u00fbts du camionnage en Afrique sub-saharienne. Cas du Mali. 1989, 125 p. <a rel=\"noreferrer noopener\" href=\"http:\/\/halshs.archives-ouvertes.fr\/halshs-00193988\/fr\/\" data-type=\"URL\" data-id=\"http:\/\/halshs.archives-ouvertes.fr\/halshs-00193988\/fr\/\" target=\"_blank\">T\u00e9l\u00e9charger les Actes<\/a><\/li><li>Politiques de r\u00e9duction des co\u00fbts du camionnage en Afrique sub-saharienne. Cas de la C\u00f4te d&rsquo;Ivoire 1989, 125 p. <a rel=\"noreferrer noopener\" href=\"http:\/\/halshs.archives-ouvertes.fr\/halshs-00194107\/fr\/\" data-type=\"URL\" data-id=\"http:\/\/halshs.archives-ouvertes.fr\/halshs-00194107\/fr\/\" target=\"_blank\">T\u00e9l\u00e9charger les Actes<\/a><\/li><\/ul>\n","protected":false},"excerpt":{"rendered":"<p>Nicole Muhlrad, Amako\u00e9 Adol\u00e9houm\u00e9 (ed.), Syst\u00e8mes de gestion de la s\u00e9curit\u00e9 routi\u00e8re. Une m\u00e9thode de diagnostic adaptable aux pays \u00e0 faibles ou moyens revenus d\u00e9cembre 2006, 217 p. &#8211; ISBN 2-908558-24-6 Prix : 35,00 euros HT (TVA 5,5 %) + frais de port. Mobilit\u00e9 et syst\u00e8mes de transport en Afrique sub-saharienne : les d\u00e9fis de la pauvret\u00e9 &#8211; Actes du s\u00e9minaire SITRASS 7, 22-24 mars 2004, Saly Potudal (S\u00e9n\u00e9gal). Lyon : SITRASS. 2005. 531 p. (coll. SITRASS). Prix : 45,73&#8230;<\/p>\n<p class=\"read-more\"><a class=\"btn btn-default\" href=\"https:\/\/www.sitrass.org\/index.php\/la-collection-sitrass\/\">Lire la suite<span class=\"screen-reader-text\"> Lire la suite<\/span><\/a><\/p>\n","protected":false},"author":1,"featured_media":0,"parent":0,"menu_order":0,"comment_status":"closed","ping_status":"closed","template":"","meta":{"footnotes":""},"class_list":["post-8","page","type-page","status-publish","hentry"],"_links":{"self":[{"href":"https:\/\/www.sitrass.org\/index.php\/wp-json\/wp\/v2\/pages\/8","targetHints":{"allow":["GET"]}}],"collection":[{"href":"https:\/\/www.sitrass.org\/index.php\/wp-json\/wp\/v2\/pages"}],"about":[{"href":"https:\/\/www.sitrass.org\/index.php\/wp-json\/wp\/v2\/types\/page"}],"author":[{"embeddable":true,"href":"https:\/\/www.sitrass.org\/index.php\/wp-json\/wp\/v2\/users\/1"}],"replies":[{"embeddable":true,"href":"https:\/\/www.sitrass.org\/index.php\/wp-json\/wp\/v2\/comments?post=8"}],"version-history":[{"count":3,"href":"https:\/\/www.sitrass.org\/index.php\/wp-json\/wp\/v2\/pages\/8\/revisions"}],"predecessor-version":[{"id":109,"href":"https:\/\/www.sitrass.org\/index.php\/wp-json\/wp\/v2\/pages\/8\/revisions\/109"}],"wp:attachment":[{"href":"https:\/\/www.sitrass.org\/index.php\/wp-json\/wp\/v2\/media?parent=8"}],"curies":[{"name":"wp","href":"https:\/\/api.w.org\/{rel}","templated":true}]}}