{"id":11,"date":"2021-11-12T22:32:58","date_gmt":"2021-11-12T21:32:58","guid":{"rendered":"http:\/\/www.sitrass.org\/?page_id=11"},"modified":"2021-11-12T22:32:58","modified_gmt":"2021-11-12T21:32:58","slug":"quelques-adresses-utiles-de-sites-web","status":"publish","type":"page","link":"https:\/\/www.sitrass.org\/index.php\/quelques-adresses-utiles-de-sites-web\/","title":{"rendered":"Quelques adresses utiles de sites Web"},"content":{"rendered":"\n<p> <li><a href=\"https:\/\/www.imf.org\/en\/Home\" data-type=\"URL\" data-id=\"https:\/\/www.imf.org\/en\/Home\">Fonds Mon\u00e9taire International (FMI)<\/a><\/li><\/p>\n\n\n\n<p><li><a href=\"https:\/\/www.worldbank.org\/en\/home\" data-type=\"URL\" data-id=\"https:\/\/www.worldbank.org\/en\/home\">Banque mondiale<\/a><\/li><\/p>\n\n\n\n<p><li><a href=\"https:\/\/www.un.org\/\" data-type=\"URL\" data-id=\"https:\/\/www.un.org\/\">Nations Unies<\/a><\/li><\/p>\n\n\n\n<p><li><a href=\"http:\/\/www.ilo.org\/global\/lang--fr\/index.htm\" data-type=\"URL\" data-id=\"http:\/\/www.ilo.org\/global\/lang--fr\/index.htm\">Organisation Internationale du Travail (OIT)<\/a><\/li><\/p>\n\n\n\n<p><li><a rel=\"noreferrer noopener\" href=\"http:\/\/www.wto.org\/indexfr.htm\" target=\"_blank\">Organisation Mondiale du Commerce (OMC)<\/a><\/li><\/p>\n\n\n\n<p><li><a rel=\"noreferrer noopener\" href=\"http:\/\/www.undp.org\/\" target=\"_blank\">Programme des Nations Unies pour le D\u00e9veloppement (PNUD)<\/a><\/li><\/p>\n\n\n\n<p><li><a rel=\"noreferrer noopener\" href=\"http:\/\/www.imo.org\/\" target=\"_blank\">Organisation maritime internationale (OIM)<\/a><\/li><\/p>\n\n\n\n<p><li><a rel=\"noreferrer noopener\" href=\"http:\/\/www.fao.org\/\" target=\"_blank\">Organisation de l&rsquo;Agriculture et de l&rsquo;Alimentation (FAO)<\/a><\/li><\/p>\n\n\n\n<p><li><a rel=\"noreferrer noopener\" href=\"http:\/\/www.who.int.\/\" target=\"_blank\">Organisation Mondiale de la Sant\u00e9 (OMS)<\/a><\/li><\/p>\n\n\n\n<p><li><a rel=\"noreferrer noopener\" href=\"http:\/\/www.uemoa.int\/\" target=\"_blank\">Union Economique et Mon\u00e9taire de l&rsquo;Afrique de l&rsquo;Ouest<\/a><\/li><\/p>\n\n\n\n<p><li><a rel=\"noreferrer noopener\" href=\"http:\/\/www.cemac.int\/\" target=\"_blank\">Communaut\u00e9 \u00e9conomique et mon\u00e9taire de l&rsquo;Afrique centrale<\/a><\/li><\/p>\n\n\n\n<p><li><a rel=\"noreferrer noopener\" href=\"http:\/\/www.afd.fr\/\" target=\"_blank\">Agence Fran\u00e7aise de D\u00e9veloppement (AFD)<\/a><\/li><\/p>\n\n\n\n<p><li><a rel=\"noreferrer noopener\" href=\"http:\/\/www.ifsttar.fr\/\" target=\"_blank\">IFSTTAR<\/a><a rel=\"noreferrer noopener\" href=\"http:\/\/www.afristat.org\/\" target=\"_blank\">Afristat<\/a><\/li> <\/p>\n","protected":false},"excerpt":{"rendered":"<p>Fonds Mon\u00e9taire International (FMI) Banque mondiale Nations Unies Organisation Internationale du Travail (OIT) Organisation Mondiale du Commerce (OMC) Programme des Nations Unies pour le D\u00e9veloppement (PNUD) Organisation maritime internationale (OIM) Organisation de l&rsquo;Agriculture et de l&rsquo;Alimentation (FAO) Organisation Mondiale de la Sant\u00e9 (OMS) Union Economique et Mon\u00e9taire de l&rsquo;Afrique de l&rsquo;Ouest Communaut\u00e9 \u00e9conomique et mon\u00e9taire de l&rsquo;Afrique centrale Agence Fran\u00e7aise de D\u00e9veloppement (AFD) IFSTTARAfristat<\/p>\n","protected":false},"author":1,"featured_media":0,"parent":0,"menu_order":0,"comment_status":"closed","ping_status":"closed","template":"","meta":{"footnotes":""},"class_list":["post-11","page","type-page","status-publish","hentry"],"_links":{"self":[{"href":"https:\/\/www.sitrass.org\/index.php\/wp-json\/wp\/v2\/pages\/11","targetHints":{"allow":["GET"]}}],"collection":[{"href":"https:\/\/www.sitrass.org\/index.php\/wp-json\/wp\/v2\/pages"}],"about":[{"href":"https:\/\/www.sitrass.org\/index.php\/wp-json\/wp\/v2\/types\/page"}],"author":[{"embeddable":true,"href":"https:\/\/www.sitrass.org\/index.php\/wp-json\/wp\/v2\/users\/1"}],"replies":[{"embeddable":true,"href":"https:\/\/www.sitrass.org\/index.php\/wp-json\/wp\/v2\/comments?post=11"}],"version-history":[{"count":2,"href":"https:\/\/www.sitrass.org\/index.php\/wp-json\/wp\/v2\/pages\/11\/revisions"}],"predecessor-version":[{"id":13,"href":"https:\/\/www.sitrass.org\/index.php\/wp-json\/wp\/v2\/pages\/11\/revisions\/13"}],"wp:attachment":[{"href":"https:\/\/www.sitrass.org\/index.php\/wp-json\/wp\/v2\/media?parent=11"}],"curies":[{"name":"wp","href":"https:\/\/api.w.org\/{rel}","templated":true}]}}